{"id":154,"date":"2016-05-09T17:41:09","date_gmt":"2016-05-09T15:41:09","guid":{"rendered":"http:\/\/www.zilt.frl\/webshop\/?post_type=product&#038;p=154"},"modified":"2022-08-31T20:06:06","modified_gmt":"2022-08-31T18:06:06","slug":"koning-watje","status":"publish","type":"product","link":"https:\/\/www.zilt.frl\/webshop\/winkel\/drama-toneel\/koning-watje\/","title":{"rendered":"Koning Watje"},"content":{"rendered":"<p style=\"text-align: justify;\"><strong>Het verhaal:<\/strong><br \/>\nDe koning heeft een nieuwe hofnar nodig. Deze zet zijn beste beentje voor en probeert met goocheltruukjes, gymnastische oefeningen, moppen vertellen en liedjes zingen, te bewijzen dat hij de volgende hofnar moet worden.\u00a0 Hij probeert de koning ook te betrekken in zijn creatieve uitspattingen, maar gaat hierin uiteindelijk te ver!<\/p>\n<p style=\"text-align: justify;\"><strong>Details:<\/strong><br \/>\nIn dit stuk gaat het er om dat de koning bij veel mensen bekend staat als een grote goedzak. De hofnar in dit stuk vergeet dat de koning ook grote macht heeft en dat \u00e9\u00e9n woord of \u00e9\u00e9n gebaar van hem het leven van \u00e9\u00e9n van zijn onderdanen volledig op zijn kop zal zetten.<br \/>\nDit is ook een stuk waarin iemand die zich graag een beetje \u2018aan mag stellen\u2019 zich helemaal kan uitleven. Er staat wel tekst op papier, maar het werkt fijner als de hofnar zich simpelweg gaat uitleven. Dan is het stuk ontzettend komisch. En juist dan komt het heel sterk over als de koning zijn geduld verliest en de hofnar met niet mis te verstane woorden duidelijk maakt dat hij zich niet beseft met wie hij praat. Onderliggende gedacht hierbij is dat we ons moeten realiseren dat we Jezus\/God vaak zien als een lief lammetje, maar dat Hij ook wordt omschreven als een leeuw!<br \/>\nHet stuk begint met veel kolder en gelach, maar zal uiteindelijk bloedserieus eindigen, waarbij de boodschap niet mis is te verstaan.<\/p>\n<p style=\"text-align: justify;\"><strong>Muzikaal:<\/strong><br \/>\nDe climax van dit stuk ligt in een lied dat de nar speciaal voor de koning heeft geschreven. Indien goed gespeeld, doet het publiek op dit moment helemaal mee. De reactie van de koning is dan ook heftig, als de coupletten van de nar, bijna onmerkbaar, steeds spottender worden. Het is goed om hierbij te vermelden dat het \u2018spotten\u2019 van de nar voornamelijk gericht is op het vergevingsgezinde karakter van de koning, wat de nar (ten onrechte, zoals hij zal ontdekken), verwart met een gebrek aan daadkracht.<\/p>\n<p style=\"text-align: justify;\"><em>Hieronder kunt u de ingezongen versie van het lied beluisteren:\u00a0<\/em><\/p>\n<p>[useyourdrive dir=&#8221;0B31cs2UpfmJwV1dFc2Q3RkVJT00&#8243; mode=&#8221;audio&#8221; viewrole=&#8221;administrator|editor|author|contributor|subscriber|guest&#8221; mediaextensions=&#8221;mp3&#8243;]<\/p>\n<p style=\"text-align: justify;\"><strong>Acteurs:<\/strong><\/p>\n<table>\n<tbody>\n<tr>\n<td><em>Presentator<\/em><\/td>\n<td>Deze presentator zou een voorganger kunnen zijn of misschien een zangleider. In ieder geval iemand die men daar op het podium zou verwachten. Hij of zij kondigt de komst van de koning aan.<\/td>\n<\/tr>\n<tr>\n<td><em>De koning<\/em><\/td>\n<td>Deze persoon heeft niet veel tekst, maar \u2018ondergaat\u2019 meer het hele gebeuren. Slechts aan het einde is het de beurt aan de koning.<\/td>\n<\/tr>\n<tr>\n<td><em>De nar<\/em><\/td>\n<td>Dit is de persoon die het hele stuk draagt. Van mislukte goocheltruuks tot flauwe moppen. Maar hij weet het publiek te vermaken. Ten koste van de koning.<\/td>\n<\/tr>\n<\/tbody>\n<\/table>\n<p style=\"text-align: justify;\"><strong>\u00a0<\/strong><\/p>\n","protected":false},"excerpt":{"rendered":"<p><strong>Duur:<\/strong>\u00a010 min.<br \/>\n<strong>Kernwoorden:<\/strong>\u00a0Vergevingsgezind, Goedheid, Misbruik, Eerbied, Ontzag<br \/>\n<strong>Bijbeltekst:\u00a0<\/strong>Openbaring 5:1-14<br \/>\n<strong>Geschreven door:<\/strong>\u00a0Willem Kampen, Christiaa vd Veen, Auke-Willem Kampen<br \/>\n<strong>Bestand:<\/strong>\u00a0Digitale publicatie, pdf en muziek<\/p>\n","protected":false},"featured_media":581,"comment_status":"open","ping_status":"closed","template":"","meta":[],"product_brand":[],"product_cat":[29],"product_tag":[128,126,127,129,125],"class_list":{"0":"post-154","1":"product","2":"type-product","3":"status-publish","4":"has-post-thumbnail","6":"product_cat-drama-toneel","7":"product_tag-eerbied","8":"product_tag-goedheid","9":"product_tag-misbruik","10":"product_tag-ontzag","11":"product_tag-vergevingsgezind","12":"post","13":"post-with-thumbnail","14":"post-with-thumbnail-large","16":"first","17":"instock","18":"downloadable","19":"virtual","20":"taxable","21":"purchasable","22":"product-type-simple"},"_links":{"self":[{"href":"https:\/\/www.zilt.frl\/webshop\/wp-json\/wp\/v2\/product\/154","targetHints":{"allow":["GET"]}}],"collection":[{"href":"https:\/\/www.zilt.frl\/webshop\/wp-json\/wp\/v2\/product"}],"about":[{"href":"https:\/\/www.zilt.frl\/webshop\/wp-json\/wp\/v2\/types\/product"}],"replies":[{"embeddable":true,"href":"https:\/\/www.zilt.frl\/webshop\/wp-json\/wp\/v2\/comments?post=154"}],"wp:featuredmedia":[{"embeddable":true,"href":"https:\/\/www.zilt.frl\/webshop\/wp-json\/wp\/v2\/media\/581"}],"wp:attachment":[{"href":"https:\/\/www.zilt.frl\/webshop\/wp-json\/wp\/v2\/media?parent=154"}],"wp:term":[{"taxonomy":"product_brand","embeddable":true,"href":"https:\/\/www.zilt.frl\/webshop\/wp-json\/wp\/v2\/product_brand?post=154"},{"taxonomy":"product_cat","embeddable":true,"href":"https:\/\/www.zilt.frl\/webshop\/wp-json\/wp\/v2\/product_cat?post=154"},{"taxonomy":"product_tag","embeddable":true,"href":"https:\/\/www.zilt.frl\/webshop\/wp-json\/wp\/v2\/product_tag?post=154"}],"curies":[{"name":"wp","href":"https:\/\/api.w.org\/{rel}","templated":true}]}}